{"id":16,"date":"2025-07-17T12:56:27","date_gmt":"2025-07-17T10:56:27","guid":{"rendered":"https:\/\/puntiseguit.framegirona2.dev\/?page_id=16"},"modified":"2026-04-30T13:44:19","modified_gmt":"2026-04-30T11:44:19","slug":"politica-de-privacitat","status":"publish","type":"page","link":"https:\/\/www.elpavolador.com\/fr\/politica-de-privacitat\/","title":{"rendered":"Politique de confidentialit\u00e9"},"content":{"rendered":"<div data-elementor-type=\"wp-page\" data-elementor-id=\"16\" class=\"elementor elementor-16\" data-elementor-post-type=\"page\">\n\t\t\t\t<div class=\"elementor-element elementor-element-f22e9e9 e-con-full e-flex e-con e-parent\" data-id=\"f22e9e9\" data-element_type=\"container\" data-e-type=\"container\" data-settings=\"{&quot;background_background&quot;:&quot;classic&quot;}\">\n\t\t\t\t<\/div>\n\t\t<div class=\"elementor-element elementor-element-9f18da9 e-flex e-con-boxed e-con e-parent\" data-id=\"9f18da9\" data-element_type=\"container\" data-e-type=\"container\" data-settings=\"{&quot;animation_mobile&quot;:&quot;none&quot;}\">\n\t\t\t\t\t<div class=\"e-con-inner\">\n\t\t<div class=\"elementor-element elementor-element-fcf8763 e-con-full e-flex e-con e-child\" data-id=\"fcf8763\" data-element_type=\"container\" data-e-type=\"container\">\n\t\t\t\t<div class=\"elementor-element elementor-element-3de0aec elementor-widget__width-initial elementor-invisible elementor-widget elementor-widget-heading\" data-id=\"3de0aec\" data-element_type=\"widget\" data-e-type=\"widget\" data-settings=\"{&quot;_animation&quot;:&quot;fadeInUp&quot;,&quot;_animation_mobile&quot;:&quot;fadeInUp&quot;}\" data-widget_type=\"heading.default\">\n\t\t\t\t\t<h1 class=\"elementor-heading-title elementor-size-default\">Politique de confidentialit\u00e9<\/h1>\t\t\t\t<\/div>\n\t\t<div class=\"elementor-element elementor-element-b282971 e-con-full e-flex e-con e-child\" data-id=\"b282971\" data-element_type=\"container\" data-e-type=\"container\">\n\t\t\t\t<div class=\"elementor-element elementor-element-f42df4f elementor-widget__width-initial animated-slow elementor-invisible elementor-widget elementor-widget-text-editor\" data-id=\"f42df4f\" data-element_type=\"widget\" data-e-type=\"widget\" data-settings=\"{&quot;_animation&quot;:&quot;fadeIn&quot;,&quot;_animation_mobile&quot;:&quot;fadeIn&quot;}\" data-widget_type=\"text-editor.default\">\n\t\t\t\t\t\t\t\t\t<p data-start=\"108\" data-end=\"1022\">Lorsque nous avons besoin d&#x27;obtenir des informations de votre part, nous vous demanderons toujours de nous les fournir de mani\u00e8re volontaire et explicite.<br data-start=\"273\" data-end=\"276\" \/>Les donn\u00e9es recueillies par le biais des formulaires de collecte de donn\u00e9es du site web ou par d&#x27;autres canaux seront int\u00e9gr\u00e9es dans un fichier de donn\u00e9es \u00e0 caract\u00e8re personnel d\u00fbment inscrit au Registre g\u00e9n\u00e9ral de protection des donn\u00e9es de l&#x27;Agence espagnole de protection des donn\u00e9es, dont le propri\u00e9taire du site web est responsable. Cette entit\u00e9 traitera les donn\u00e9es de mani\u00e8re confidentielle et uniquement dans le but de fournir les services demand\u00e9s, avec toutes les garanties l\u00e9gales et de s\u00e9curit\u00e9 \u00e9tablies par la loi organique 15\/1999 du 13 d\u00e9cembre relative \u00e0 la protection des donn\u00e9es \u00e0 caract\u00e8re personnel, le d\u00e9cret royal 1720\/2007 du 21 d\u00e9cembre et la loi 34\/2002 du 11 juillet relative aux services de la soci\u00e9t\u00e9 de l&#x27;information et au commerce \u00e9lectronique.<\/p><p data-start=\"1024\" data-end=\"1153\">Le propri\u00e9taire du site web s&#x27;engage \u00e0 ne pas c\u00e9der, vendre ou partager ces donn\u00e9es avec des tiers sans leur consentement explicite.<\/p><p data-start=\"1155\" data-end=\"1443\">De m\u00eame, GRUP FEDERACI\u00d3 RASSEORT, SL s&#x27;engage \u00e0 supprimer ou \u00e0 rectifier les donn\u00e9es lorsqu&#x27;elles sont inexactes, incompl\u00e8tes ou qu&#x27;elles ne sont plus n\u00e9cessaires ou pertinentes au regard de leur finalit\u00e9, conform\u00e9ment \u00e0 la loi organique 15\/1999 du 13 d\u00e9cembre relative \u00e0 la protection des donn\u00e9es \u00e0 caract\u00e8re personnel.<\/p><p data-start=\"1445\" data-end=\"1761\">L&#x27;utilisateur peut r\u00e9voquer le consentement donn\u00e9 et exercer ses droits d&#x27;acc\u00e8s, de rectification, d&#x27;annulation et d&#x27;opposition en s&#x27;adressant au si\u00e8ge social de GRUP FEDERACI\u00d3 RASSEORT, SL, situ\u00e9 \u00e0 C. NOU S\/N \u2013 17484 VILATENIM \u2013 (GIRONA), en s&#x27;identifiant correctement et en indiquant clairement le droit sp\u00e9cifique qu&#x27;il souhaite exercer.<\/p><p data-start=\"1763\" data-end=\"2105\">Le propri\u00e9taire du site web met en \u0153uvre les mesures de s\u00e9curit\u00e9 appropri\u00e9es requises par la loi organique 15\/1999 susmentionn\u00e9e et la r\u00e9glementation applicable. Toutefois, il d\u00e9cline toute responsabilit\u00e9 quant aux dommages ou pertes r\u00e9sultant d&#x27;alt\u00e9rations que des tiers pourraient apporter aux syst\u00e8mes informatiques, aux documents \u00e9lectroniques ou aux fichiers de l&#x27;utilisateur.<\/p><p data-start=\"2107\" data-end=\"2427\">Le propri\u00e9taire du site web peut utiliser des cookies dans le cadre de la fourniture des services du site. Les cookies sont des fichiers contenant des informations personnelles qui sont stock\u00e9s sur l&#x27;appareil de l&#x27;utilisateur. L&#x27;utilisateur peut configurer son navigateur pour emp\u00eacher la cr\u00e9ation de ces fichiers ou pour recevoir un avertissement.<\/p><p data-start=\"2429\" data-end=\"2704\">Si vous choisissez de quitter notre site web en cliquant sur des liens vers des sites web n&#x27;appartenant pas \u00e0 notre organisation, le propri\u00e9taire de ces sites ne sera pas responsable de leurs politiques de confidentialit\u00e9 ni des cookies qui pourraient \u00eatre enregistr\u00e9s sur votre ordinateur.<\/p><p data-start=\"2706\" data-end=\"2830\">Notre politique en mati\u00e8re d&#x27;e-mails vise \u00e0 ne vous envoyer que les communications que vous avez demand\u00e9 \u00e0 recevoir.<\/p><p data-start=\"2832\" data-end=\"3102\">Si vous ne souhaitez pas recevoir ces messages, nous vous offrirons la possibilit\u00e9 d&#x27;exercer votre droit de r\u00e9tractation et de vous d\u00e9sabonner, conform\u00e9ment au titre III, article 22, de la loi 34\/2002 relative aux services de la soci\u00e9t\u00e9 de l&#x27;information et au commerce \u00e9lectronique.<\/p>\t\t\t\t\t\t\t\t<\/div>\n\t\t\t\t<\/div>\n\t\t\t\t<\/div>\n\t\t\t\t\t<\/div>\n\t\t\t\t<\/div>\n\t\t\t\t<\/div>","protected":false},"excerpt":{"rendered":"<p>Pol\u00edtica de privacitat Quan necessitem obtenir informaci\u00f3 per part seva, sempre li sol\u00b7licitarem que ens la proporcioni volunt\u00e0riament i de manera expressa.Les dades recollides a trav\u00e9s dels formularis de recollida de dades del lloc web o d\u2019altres canals seran incorporades a un fitxer de dades de car\u00e0cter personal degudament inscrit en el Registre General de [&hellip;]<\/p>\n","protected":false},"author":1,"featured_media":0,"parent":0,"menu_order":0,"comment_status":"closed","ping_status":"closed","template":"","meta":{"footnotes":""},"class_list":["post-16","page","type-page","status-publish","hentry"],"_links":{"self":[{"href":"https:\/\/www.elpavolador.com\/fr\/wp-json\/wp\/v2\/pages\/16","targetHints":{"allow":["GET"]}}],"collection":[{"href":"https:\/\/www.elpavolador.com\/fr\/wp-json\/wp\/v2\/pages"}],"about":[{"href":"https:\/\/www.elpavolador.com\/fr\/wp-json\/wp\/v2\/types\/page"}],"author":[{"embeddable":true,"href":"https:\/\/www.elpavolador.com\/fr\/wp-json\/wp\/v2\/users\/1"}],"replies":[{"embeddable":true,"href":"https:\/\/www.elpavolador.com\/fr\/wp-json\/wp\/v2\/comments?post=16"}],"version-history":[{"count":9,"href":"https:\/\/www.elpavolador.com\/fr\/wp-json\/wp\/v2\/pages\/16\/revisions"}],"predecessor-version":[{"id":759,"href":"https:\/\/www.elpavolador.com\/fr\/wp-json\/wp\/v2\/pages\/16\/revisions\/759"}],"wp:attachment":[{"href":"https:\/\/www.elpavolador.com\/fr\/wp-json\/wp\/v2\/media?parent=16"}],"curies":[{"name":"wp","href":"https:\/\/api.w.org\/{rel}","templated":true}]}}